{"id":8745,"date":"2022-12-07T13:57:40","date_gmt":"2022-12-07T11:57:40","guid":{"rendered":"https:\/\/opensearesidence.s1.webfactor.com\/favorites\/"},"modified":"2023-01-30T11:04:34","modified_gmt":"2023-01-30T09:04:34","slug":"ihre-favoriten","status":"publish","type":"page","link":"https:\/\/opensearesidence.s1.webfactor.com\/de\/ihre-favoriten\/","title":{"rendered":"Ihre Favoriten"},"content":{"rendered":"\n<div class=\"breadcrumb\">\n\t<ul>\n\t\t<li>\n\t\t\t<a href=\"https:\/\/opensearesidence.s1.webfactor.com\/\">The Open Sea<\/a>\n\t\t<\/li>\n\n\t\t\n\t\t\n\t\t\n\t\t\t\t\t<li>Ihre Favoriten<\/li>\n\t\t\t<\/ul>\n<\/div><!-- \/.breadcrumb -->\n\n<section class=\"section_intro\">\n    <div class=\"shell\">\n        <h3 class=\"t2\"><\/h3><!-- \/.t2 -->\n\n        <h2 class=\"t3\">Ihre <em> Lieblingsimmobilien <\/em> im Open Sea-Komplex <br><span> warten auf Sie <\/span><\/h2><!-- \/.t3 -->\n\n        <div class=\"info\">\n            <p>Entdecken Sie unsere Top-Angebote: Wohnungen mit hervorragender Gr\u00f6\u00dfe und Lage, einem herrlichen Panorama und der M\u00f6glichkeit einer individuellen Auswahl von Einrichtung.<\/p>\n        <\/div><!-- \/.info -->\n    <\/div><!-- \/.shell -->\n <\/section><!-- \/.section_intro -->\n\n<section class=\"all_property\">\n    <div class=\"property_listing apartment_listing\">\n        <div class=\"prop_listing\">\n             \n\t<div class=\"filter ox_filter\">\n\t\t\t\t\t<div class=\"custom-dropdown build\">\n\t\t\t\t<label for=\"type\">Geb\u00e4ude:<\/label>\n\n\t\t\t\t<select name=\"build_types\" id=\"build_type\">\n\t\t\t\t\t<option value=\"\">Alle<\/option>\n\t\t\t\t\t<option value=\"\">Alle<\/option>\n\n\t\t\t\t\t\t\t\t\t\t\t\t<option value=\"a\">&mdash; A<\/option>\n\t\t\t\t\t\t\t\t\t\t\t\t\t<option value=\"b\">&mdash; B<\/option>\n\t\t\t\t\t\t\t\t\t\t<\/select>\n\t\t\t<\/div>\n\t\t\n\t\t<div class=\"custom-dropdown entrance\">\n\t\t\t<label for=\"c\">Eingang:<\/label>\n\n\t\t\t<select name=\"ent_types\" id=\"ent_type\">\n\t\t\t\t<option value=\"\">Alle<\/option>\n\t\t\t\t<option value=\"\">Alle<\/option>\n\n\t\t\t\t\t\t\t\t\t<option value=\"a\">&mdash; A<\/option>\n\t\t\t\t\t\t\t\t\t<option value=\"b\">&mdash; B<\/option>\n\t\t\t\t\t\t\t<\/select>\n\t\t<\/div>\n\n\n\t\t\t\t\t<div class=\"custom-dropdown floor\">\n\t\t\t\t<label for=\"floor\">Etage:<\/label>\n\n\t\t\t\t<select name=\"floor\" id=\"floor\">\n\t\t\t\t\t<option value=\"\">Alle<\/option>\n\t\t\t\t\t<option value=\"\">Alle<\/option>\n\t\t\t\t\t\n\t\t\t\t\t\t\t\t\t\t\t<option value=\"1\">1<\/option>\n\t\t\t\t\t\t\t\t\t\t\t<option value=\"2\">2<\/option>\n\t\t\t\t\t\t\t\t\t\t\t<option value=\"3\">3<\/option>\n\t\t\t\t\t\t\t\t\t\t\t<option value=\"4\">4<\/option>\n\t\t\t\t\t\t\t\t\t\t\t<option value=\"o\">o<\/option>\n\t\t\t\t\t\t\t\t\t\t\t<option value=\"1\">1<\/option>\n\t\t\t\t\t\t\t\t\t\t\t<option value=\"2\">2<\/option>\n\t\t\t\t\t\t\t\t\t\t\t<option value=\"3\">3<\/option>\n\t\t\t\t\t\t\t\t\t\t\t<option value=\"4\">4<\/option>\n\t\t\t\t\t\t\t\t\t\t\t<option value=\"5\">5<\/option>\n\t\t\t\t\t\t\t\t\t<\/select>\n\t\t\t<\/div>\n\t\t\n\t\t<div class=\"custom-dropdown type\">\n\t\t\t<label for=\"type\">Wohnungstyp:<\/label>\n\n\t\t\t<select name=\"types\" id=\"type\" data-compare=\"like\">\n\t\t\t\t<option value=\"\">Alle<\/option>\n\t\t\t\t<option value=\"\">Alle<\/option>\n\n\t\t\t\t\t\t\t\t\t\n\t\t\t\t\t\t\t\t\t\t\t<option value=\"1-room\">&mdash; 1 zimmer<\/option>\n\t\t\t\t\t\t\t\t\t\t\t<option value=\"2-rooms\">&mdash; 2 r\u00e4ume<\/option>\n\t\t\t\t\t\t\t\t\t\t\t<option value=\"3-rooms\">&mdash; 3 r\u00e4ume<\/option>\n\t\t\t\t\t\t\t\t\t\t\t\t\t\t\n\t\t\t\t\t\t\t\t\t\t\t\t\t\t\n\t\t\t\t\t\t\t\t\t\t\t\t<\/select>\n\t\t<\/div>\n\n\t\t\t<div class=\"custom-dropdown view\">\n\t\t\t\t<label for=\"view\">Sicht:<\/label>\n\n\t\t\t\t<select name=\"view\" id=\"view\">\n\t\t\t\t\t<option value=\"\">Alle<\/option>\n\t\t\t\t\t<option value=\"\">Alle<\/option>\n\n\t\t\t\t\t\t\t\t\t\t\t<option value=\"sea\">&mdash; Meer<\/option>\n\t\t\t\t\t\t\t\t\t\t\t<option value=\"garden\">&mdash; Garten<\/option>\n\t\t\t\t\t\t\t\t\t\t\t<option value=\"pool-sea\">&mdash; Pool &#8211; Sea<\/option>\n\t\t\t\t\t\t\t\t\t<\/select>\n\t\t\t<\/div>\n\n\t\t\t\t\t<div class=\"custom-dropdown status\">\n\t\t\t\t<label for=\"status\">Status:<\/label>\n\n\t\t\t\t<select name=\"status\" id=\"status\">\n\t\t\t\t\t<option value=\"\">Alle<\/option>\n\t\t\t\t\t<option value=\"\">Alle<\/option>\n\t\t\t\t\t\t\t\t\t\t\t<option value=\"reserved\">\n\t\t\t\t\t\t\t\t\t\t\t\t\t\t\n\t\t\t\t\t\t\t\t\t\t\t\t\t\t\t\t\t\t\t\t\t\t\t\t\t\t\t\t\tReserviert\t\t\t\t\t\t\t\t\t\t\t\t\t<\/option>\n\t\t\t\t\t\t\t\t\t\t\t<option value=\"sold\">\n\t\t\t\t\t\t\t\t\t\t\t\t\t\t\n\t\t\t\t\t\t\t\t\t\t\t\t\t\t\t\t\t\t\t\t\t\t\t\t\t\t\t\t\tVerkauft\t\t\t\t\t\t\t\t\t\t\t\t\t<\/option>\n\t\t\t\t\t\t\t\t\t\t\t<option value=\"sale\">\n\t\t\t\t\t\t\t\t\t\t\t\t\t\t\n\t\t\t\t\t\t\t\t\t\t\t\t\t\t\t\t\t\t\t\t\t\t\t\t\t\t\t\t\tZu verkaufen\t\t\t\t\t\t\t\t\t\t\t\t\t<\/option>\n\t\t\t\t\t\t\t\t\t\t\t<option value=\"for-rent\">\n\t\t\t\t\t\t\t\t\t\t\t\t\t\t\n\t\t\t\t\t\t\t\t\t\t\t\t\t\t\t\t\t\t\t\t\t\t\t\t\t\t\t\t\tZu vermieten\t\t\t\t\t\t\t\t\t\t\t\t\t<\/option>\n\t\t\t\t\t\t\t\t\t<\/select>\n\t\t\t<\/div>\n\t\t\t<\/div><!-- \/.filter -->\n<div class=\"listing\">\n\t<div class=\"listing_heading\">\n       <div>\n            <span class=\"fav\"><\/span>\n            <span>\u2116<\/span>\n            <span>Geb\u00e4ude<\/span>\n            <span>Eingang<\/span>\n            <span>Etage<\/span>\n            <span>Typ<\/span>\n            <span>Bereich reinigen<\/span>\n            <span>\u00dcbliche Teile<\/span>\n            <span>Gesamtes Gebiet<\/span>\n            <span>Preis pro m<sup>2<\/sup> <\/span>\n            <span>Preis<\/span>\n            <span>Status<\/span>\n        <\/div>\n\t\t<\/div><!-- \/.listing_heading -->\n\n\t\t<div class=\"listing_content single-sort\">\n\t\t\t                              \n\t\t<\/div><!-- \/.listing_content -->\n<\/div><!-- \/.listing -->        <\/div><!-- \/.prop_listing -->\n    <\/div><!-- \/.property_listing -->\n\n            <div class=\"btns\">\n            <a class=\"btn-blue-2\" href=\"\/de\/alle-wohnungen\/\">\n                <span>Alle Wohnungen<\/span>\n            <\/a>\n        <\/div><!-- \/.btns -->\n    <\/section><!-- \/.all_property -->\n\n\n<section class=\"all_property_print\">\n    <div class=\"top\">\n      <img decoding=\"async\" src=\"https:\/\/opensearesidence.s1.webfactor.com\/wp-content\/uploads\/2022\/12\/print-logo.png\" alt=\"The Open Sea Building\" \/>\n\n      <div>\n        <span>\n          <span>\n            telefon:          <\/span>\n          +359 895 882 100        <\/span>\n\n        <span>\n          <span>\n            email:          <\/span>\n          info@opensearesidence.com        <\/span>\n      <\/div>\n    <\/div><!-- \/.top -->\n\n    <div class=\"property_listing apartment_listing\">\n        <div class=\"prop_listing\">\n             <div class=\"listing\">\n\t<div class=\"listing_heading\">\n       <div>\n            <span class=\"fav\"><\/span>\n            <span>\u2116<\/span>\n            <span>Geb\u00e4ude<\/span>\n            <span>Eingang<\/span>\n            <span>Etage<\/span>\n            <span>Typ<\/span>\n            <span>Bereich reinigen<\/span>\n            <span>\u00dcbliche Teile<\/span>\n            <span>Gesamtes Gebiet<\/span>\n            <span>Preis pro m<sup>2<\/sup> <\/span>\n            <span>Preis<\/span>\n            <span>Status<\/span>\n        <\/div>\n\t\t<\/div><!-- \/.listing_heading -->\n\n\t\t<div class=\"listing_content single-sort\">\n\t\t\t                              \n\t\t<\/div><!-- \/.listing_content -->\n<\/div><!-- \/.listing -->        <\/div><!-- \/.prop_listing -->\n    <\/div><!-- \/.property_listing -->\n\n    <div class=\"webmaster\">\n        <span>Webdesign &#038; SEO von \t<svg xmlns=\"http:\/\/www.w3.org\/2000\/svg\" class=\"i i-web-factor-center-white class\">\n\t    <use xlink:href=\"https:\/\/opensearesidence.s1.webfactor.com\/wp-content\/themes\/the_open_sea\/images\/sprite.svg#web-factor-center-white\"><\/use>\n\t<\/svg>\n\t<\/span> \n    <\/div><!-- \/.webmaster -->\n<\/section><!-- \/.all_property -->\n\n","protected":false},"excerpt":{"rendered":"","protected":false},"author":4,"featured_media":0,"parent":0,"menu_order":0,"comment_status":"closed","ping_status":"closed","template":"","meta":{"footnotes":""},"class_list":["post-8745","page","type-page","status-publish","hentry"],"acf":[],"_links":{"self":[{"href":"https:\/\/opensearesidence.s1.webfactor.com\/de\/wp-json\/wp\/v2\/pages\/8745","targetHints":{"allow":["GET"]}}],"collection":[{"href":"https:\/\/opensearesidence.s1.webfactor.com\/de\/wp-json\/wp\/v2\/pages"}],"about":[{"href":"https:\/\/opensearesidence.s1.webfactor.com\/de\/wp-json\/wp\/v2\/types\/page"}],"author":[{"embeddable":true,"href":"https:\/\/opensearesidence.s1.webfactor.com\/de\/wp-json\/wp\/v2\/users\/4"}],"replies":[{"embeddable":true,"href":"https:\/\/opensearesidence.s1.webfactor.com\/de\/wp-json\/wp\/v2\/comments?post=8745"}],"version-history":[{"count":0,"href":"https:\/\/opensearesidence.s1.webfactor.com\/de\/wp-json\/wp\/v2\/pages\/8745\/revisions"}],"wp:attachment":[{"href":"https:\/\/opensearesidence.s1.webfactor.com\/de\/wp-json\/wp\/v2\/media?parent=8745"}],"curies":[{"name":"wp","href":"https:\/\/api.w.org\/{rel}","templated":true}]}}