{"id":8750,"date":"2022-12-02T08:15:55","date_gmt":"2022-12-02T06:15:55","guid":{"rendered":"https:\/\/opensearesidence.s1.webfactor.com\/floors\/"},"modified":"2023-01-25T15:32:45","modified_gmt":"2023-01-25T13:32:45","slug":"etagen","status":"publish","type":"page","link":"https:\/\/opensearesidence.s1.webfactor.com\/de\/etagen\/","title":{"rendered":"Etagen"},"content":{"rendered":"\n<div class=\"breadcrumb\">\n\t<ul>\n\t\t<li>\n\t\t\t<a href=\"https:\/\/opensearesidence.s1.webfactor.com\/\">The Open Sea<\/a>\n\t\t<\/li>\n\n\t\t\n\t\t\n\t\t\n\t\t\t\t\t<li>Etagen<\/li>\n\t\t\t<\/ul>\n<\/div><!-- \/.breadcrumb -->\n\n<section class=\"floors\">\n\t<div class=\"shell\">\n\t\t<div class=\"top\">\n\t\t\t<div class=\"l\">\n\t\t\t\t<h3 class=\"t2\">Etagen<\/h3><!-- \/.t2 -->\n\n\t\t\t\t<h1 class=\"t3\">W\u00e4hlen Sie eine Etage <span> und ein Geb\u00e4ude aus, <\/span><span> um den Grundriss<\/span> anzuzeigen <\/h1><!-- \/.t3 -->\n\n\t\t\t\t<p>Der Open Sea Residence-Komplex befindet sich in der ersten Meereslinie und verf\u00fcgt \u00fcber insgesamt 5 Etagen. Das Erdgeschoss des Komplexes ist f\u00fcr gewerbliche Zwecke vorgesehen. Jede Wohnung ist strategisch geplant und so gelegen, dass sie einen wundersch\u00f6nen Panoramablick bietet und vom L\u00e4rm entfernt ist. Auf der interaktiven Grafik unten k\u00f6nnen Sie sich genau ansehen, wo sich jede unserer Wohnungen befindet, und diejenige ausw\u00e4hlen, die Ihren individuellen Vorlieben, Anforderungen und Bed\u00fcrfnissen entspricht.<\/p>\n\t\t\t<\/div><!-- \/.l -->\n\n\t\t\t<div class=\"r\">\n\t\t\t\t<div class=\"show-mob\">\n\t\t\t\t\t<img decoding=\"async\" src=\"https:\/\/opensearesidence.s1.webfactor.com\/wp-content\/uploads\/2022\/12\/building-mob.png\" alt=\"\" \/>\n\t\t\t\t<\/div><!-- \/.show-mob -->\n\n\t\t\t\t<div>\t\n\t\t\t\t\t<div class=\"bl\">\n\t\t\t\t\t\t<span>\n\t\t\t\t\t\t\t<span>Geb\u00e4ude <strong>A<\/strong><\/span>\n\t\t\t\t\t\t<\/span>\n\t\t\t\t\t<\/div>\n\n\t\t\t\t\t<div class=\"fl\">\n\t\t\t\t\t\t\t\t\t\t\t\t\t\t\t\t\t\t\t\t\t<div>\n\t\t\t\t\t\t\t\t\t<a class=\"hotspot 7276\" href=\"https:\/\/opensearesidence.s1.webfactor.com\/de\/floor\/a-floor-1\/\"  data-key=\"7276\" >\n\t\t\t\t\t\t\t\t\t\tEtage <span>1<\/span>\n\t\t\t\t\t\t\t\t\t<\/a>\n\n\t\t\t\t\t\t\t\t\t<div class=\"inf\">\n\t\t\t\t\t\t\t\t\t\t<span>\n\t\t\t\t\t\t\t\t\t\t\t<span class=\"sale\"><\/span>\n\t\t\t\t\t\t\t\t\t\t\tZu verkaufen &#8211; <strong>1<\/strong>\n\t\t\t\t\t\t\t\t\t\t<\/span>\n\n\t\t\t\t\t\t\t\t\t\t\t\t\t\t\t\t\t\t\t<\/div>\n\t\t\t\t\t\t\t\t<\/div>\n\t\t\t\t\t\t\t\t\t\t\t\t\t\t\t\t\t\t\t\t\t\t\t\t\t\t\t\t<div>\n\t\t\t\t\t\t\t\t\t<a class=\"hotspot 7277\" href=\"https:\/\/opensearesidence.s1.webfactor.com\/de\/floor\/a-floor-2\/\"  data-key=\"7277\" >\n\t\t\t\t\t\t\t\t\t\tEtage <span>2<\/span>\n\t\t\t\t\t\t\t\t\t<\/a>\n\n\t\t\t\t\t\t\t\t\t<div class=\"inf\">\n\t\t\t\t\t\t\t\t\t\t<span>\n\t\t\t\t\t\t\t\t\t\t\t<span class=\"sale\"><\/span>\n\t\t\t\t\t\t\t\t\t\t\tZu verkaufen &#8211; <strong>1<\/strong>\n\t\t\t\t\t\t\t\t\t\t<\/span>\n\n\t\t\t\t\t\t\t\t\t\t\t\t\t\t\t\t\t\t\t<\/div>\n\t\t\t\t\t\t\t\t<\/div>\n\t\t\t\t\t\t\t\t\t\t\t\t\t\t\t\t\t\t\t\t\t\t\t\t\t\t\t\t<div>\n\t\t\t\t\t\t\t\t\t<a class=\"hotspot 7278\" href=\"https:\/\/opensearesidence.s1.webfactor.com\/de\/floor\/a-floor-3\/\"  data-key=\"7278\" >\n\t\t\t\t\t\t\t\t\t\tEtage <span>3<\/span>\n\t\t\t\t\t\t\t\t\t<\/a>\n\n\t\t\t\t\t\t\t\t\t<div class=\"inf\">\n\t\t\t\t\t\t\t\t\t\t<span>\n\t\t\t\t\t\t\t\t\t\t\t<span class=\"sale\"><\/span>\n\t\t\t\t\t\t\t\t\t\t\tZu verkaufen &#8211; <strong>1<\/strong>\n\t\t\t\t\t\t\t\t\t\t<\/span>\n\n\t\t\t\t\t\t\t\t\t\t\t\t\t\t\t\t\t\t\t<\/div>\n\t\t\t\t\t\t\t\t<\/div>\n\t\t\t\t\t\t\t\t\t\t\t\t\t\t\t\t\t\t\t\t\t\t\t\t\t\t\t\t<div>\n\t\t\t\t\t\t\t\t\t<a class=\"hotspot 7279\" href=\"https:\/\/opensearesidence.s1.webfactor.com\/de\/floor\/a-floor-4\/\"  data-key=\"7279\" >\n\t\t\t\t\t\t\t\t\t\tEtage <span>4<\/span>\n\t\t\t\t\t\t\t\t\t<\/a>\n\n\t\t\t\t\t\t\t\t\t<div class=\"inf\">\n\t\t\t\t\t\t\t\t\t\t<span>\n\t\t\t\t\t\t\t\t\t\t\t<span class=\"sale\"><\/span>\n\t\t\t\t\t\t\t\t\t\t\tZu verkaufen &#8211; <strong>1<\/strong>\n\t\t\t\t\t\t\t\t\t\t<\/span>\n\n\t\t\t\t\t\t\t\t\t\t\t\t\t\t\t\t\t\t\t<\/div>\n\t\t\t\t\t\t\t\t<\/div>\n\t\t\t\t\t\t\t\t\t\t\t\t\t\t\t\t\t\t<\/div>\n\t\t\t\t<\/div>\n\n\t\t\t\t<div>\t\n\t\t\t\t\t<div class=\"bl\">\n\t\t\t\t\t\t<span>\n\t\t\t\t\t\t\t<span>Geb\u00e4ude <strong>B<\/strong><\/span>\n\t\t\t\t\t\t<\/span>\n\t\t\t\t\t<\/div>\n\n\t\t\t\t\t<div class=\"fl\">\n\t\t\t\t\t\t\t\t\t\t\t\t\t\t\t\t\t\t\t\t\t<div>\n\t\t\t\t\t\t\t\t\t<a class=\"hotspot 7280\" href=\"https:\/\/opensearesidence.s1.webfactor.com\/de\/floor\/b-floor-0\/\"  data-key=\"7280\" >\n\t\t\t\t\t\t\t\t\t\tEtage <span>0<\/span>\n\t\t\t\t\t\t\t\t\t<\/a>\n\n\t\t\t\t\t\t\t\t\t<div class=\"inf\">\n\t\t\t\t\t\t\t\t\t\t<span>\n\t\t\t\t\t\t\t\t\t\t\t<span class=\"sale\"><\/span>\n\t\t\t\t\t\t\t\t\t\t\tZu verkaufen &#8211; <strong>2<\/strong>\n\t\t\t\t\t\t\t\t\t\t<\/span>\n\n\t\t\t\t\t\t\t\t\t\t\t\t\t\t\t\t\t\t\t<\/div>\n\t\t\t\t\t\t\t\t<\/div>\n\t\t\t\t\t\t\t\t\t\t\t\t\t\t\t\t\t\t\t\t\t\t\t\t\t\t\t\t<div>\n\t\t\t\t\t\t\t\t\t<a class=\"hotspot 7281\" href=\"https:\/\/opensearesidence.s1.webfactor.com\/de\/floor\/b-floor-1\/\"  data-key=\"7281\" >\n\t\t\t\t\t\t\t\t\t\tEtage <span>1<\/span>\n\t\t\t\t\t\t\t\t\t<\/a>\n\n\t\t\t\t\t\t\t\t\t<div class=\"inf\">\n\t\t\t\t\t\t\t\t\t\t<span>\n\t\t\t\t\t\t\t\t\t\t\t<span class=\"sale\"><\/span>\n\t\t\t\t\t\t\t\t\t\t\tZu verkaufen &#8211; <strong>3<\/strong>\n\t\t\t\t\t\t\t\t\t\t<\/span>\n\n\t\t\t\t\t\t\t\t\t\t\t\t\t\t\t\t\t\t\t\t\t<span>\n\t\t\t\t\t\t\t\t\t\t\t\t<span class=\"rent\"><\/span>\n\t\t\t\t\t\t\t\t\t\t\t\tZu vermieten &#8211; <strong>1<\/strong>\n\t\t\t\t\t\t\t\t\t\t\t<\/span>\n\t\t\t\t\t\t\t\t\t\t\t\t\t\t\t\t\t\t\t<\/div>\n\t\t\t\t\t\t\t\t<\/div>\n\t\t\t\t\t\t\t\t\t\t\t\t\t\t\t\t\t\t\t\t\t\t\t\t\t\t\t\t<div>\n\t\t\t\t\t\t\t\t\t<a class=\"hotspot 7282\" href=\"https:\/\/opensearesidence.s1.webfactor.com\/de\/floor\/b-floor-2\/\"  data-key=\"7282\" >\n\t\t\t\t\t\t\t\t\t\tEtage <span>2<\/span>\n\t\t\t\t\t\t\t\t\t<\/a>\n\n\t\t\t\t\t\t\t\t\t<div class=\"inf\">\n\t\t\t\t\t\t\t\t\t\t<span>\n\t\t\t\t\t\t\t\t\t\t\t<span class=\"sale\"><\/span>\n\t\t\t\t\t\t\t\t\t\t\tZu verkaufen &#8211; <strong>3<\/strong>\n\t\t\t\t\t\t\t\t\t\t<\/span>\n\n\t\t\t\t\t\t\t\t\t\t\t\t\t\t\t\t\t\t\t\t\t<span>\n\t\t\t\t\t\t\t\t\t\t\t\t<span class=\"rent\"><\/span>\n\t\t\t\t\t\t\t\t\t\t\t\tZu vermieten &#8211; <strong>1<\/strong>\n\t\t\t\t\t\t\t\t\t\t\t<\/span>\n\t\t\t\t\t\t\t\t\t\t\t\t\t\t\t\t\t\t\t<\/div>\n\t\t\t\t\t\t\t\t<\/div>\n\t\t\t\t\t\t\t\t\t\t\t\t\t\t\t\t\t\t\t\t\t\t\t\t\t\t\t\t<div>\n\t\t\t\t\t\t\t\t\t<a class=\"hotspot 7283\" href=\"https:\/\/opensearesidence.s1.webfactor.com\/de\/floor\/b-floor-3\/\"  data-key=\"7283\" >\n\t\t\t\t\t\t\t\t\t\tEtage <span>3<\/span>\n\t\t\t\t\t\t\t\t\t<\/a>\n\n\t\t\t\t\t\t\t\t\t<div class=\"inf\">\n\t\t\t\t\t\t\t\t\t\t<span>\n\t\t\t\t\t\t\t\t\t\t\t<span class=\"sale\"><\/span>\n\t\t\t\t\t\t\t\t\t\t\tZu verkaufen &#8211; <strong>7<\/strong>\n\t\t\t\t\t\t\t\t\t\t<\/span>\n\n\t\t\t\t\t\t\t\t\t\t\t\t\t\t\t\t\t\t\t\t\t<span>\n\t\t\t\t\t\t\t\t\t\t\t\t<span class=\"rent\"><\/span>\n\t\t\t\t\t\t\t\t\t\t\t\tZu vermieten &#8211; <strong>2<\/strong>\n\t\t\t\t\t\t\t\t\t\t\t<\/span>\n\t\t\t\t\t\t\t\t\t\t\t\t\t\t\t\t\t\t\t<\/div>\n\t\t\t\t\t\t\t\t<\/div>\n\t\t\t\t\t\t\t\t\t\t\t\t\t\t\t\t\t\t\t\t\t\t\t\t\t\t\t\t<div>\n\t\t\t\t\t\t\t\t\t<a class=\"hotspot 7284\" href=\"https:\/\/opensearesidence.s1.webfactor.com\/de\/floor\/b-floor-4\/\"  data-key=\"7284\" >\n\t\t\t\t\t\t\t\t\t\tEtage <span>4<\/span>\n\t\t\t\t\t\t\t\t\t<\/a>\n\n\t\t\t\t\t\t\t\t\t<div class=\"inf\">\n\t\t\t\t\t\t\t\t\t\t<span>\n\t\t\t\t\t\t\t\t\t\t\t<span class=\"sale\"><\/span>\n\t\t\t\t\t\t\t\t\t\t\tZu verkaufen &#8211; <strong>3<\/strong>\n\t\t\t\t\t\t\t\t\t\t<\/span>\n\n\t\t\t\t\t\t\t\t\t\t\t\t\t\t\t\t\t\t\t<\/div>\n\t\t\t\t\t\t\t\t<\/div>\n\t\t\t\t\t\t\t\t\t\t\t\t\t\t\t\t\t\t\t\t\t\t\t\t\t\t\t\t<div>\n\t\t\t\t\t\t\t\t\t<a class=\"hotspot 7285\" href=\"https:\/\/opensearesidence.s1.webfactor.com\/de\/floor\/b-floor-5\/\"  data-key=\"7285\" >\n\t\t\t\t\t\t\t\t\t\tEtage <span>5<\/span>\n\t\t\t\t\t\t\t\t\t<\/a>\n\n\t\t\t\t\t\t\t\t\t<div class=\"inf\">\n\t\t\t\t\t\t\t\t\t\t<span>\n\t\t\t\t\t\t\t\t\t\t\t<span class=\"sale\"><\/span>\n\t\t\t\t\t\t\t\t\t\t\tZu verkaufen &#8211; <strong>0<\/strong>\n\t\t\t\t\t\t\t\t\t\t<\/span>\n\n\t\t\t\t\t\t\t\t\t\t\t\t\t\t\t\t\t\t\t<\/div>\n\t\t\t\t\t\t\t\t<\/div>\n\t\t\t\t\t\t\t\t\t\t\t\t\t\t\t\t\t\t<\/div>\n\t\t\t\t<\/div>\n\t\t\t<\/div><!-- \/.r -->\n\t\t<\/div><!-- \/.top -->\n\n\t\t<div class=\"bottom\">\n\t\t\t\n\t\t\t<div class=\"map\">\n\t\t\t\t<img decoding=\"async\" class=\"noc\" src=\"\/wp-content\/uploads\/2022\/12\/building-scheme-1.png\" border=\"0\" usemap=\"#viz01Map\" id=\"viz01\" style=\"cursor:pointer\" alt=\"\" \/>\n\n\t\t\t\t<map name=\"viz01Map\">\n\t\t\t \t\t\t\t\t \t\t\t\t\t\t \t\t\t\t<area target=\"_blank\" alt=\"\" title=\"\" href=\"https:\/\/opensearesidence.s1.webfactor.com\/de\/floor\/a-floor-1\/\"  coords=\"0,394,174,395,651,397,652,482,177,497,0,462\" shape=\"poly\" name=\"7276\"  >\n\t\t\t \t\t\t\t\t\t \t\t\t\t\t \t\t\t\t\t\t \t\t\t\t<area target=\"_blank\" alt=\"\" title=\"\" href=\"https:\/\/opensearesidence.s1.webfactor.com\/de\/floor\/a-floor-2\/\"  coords=\"0,315,135,277,206,277,221,274,651,295,651,377,664,379,663,397,217,395,139,395,0,394\" shape=\"poly\" name=\"7277\"  >\n\t\t\t \t\t\t\t\t\t \t\t\t\t\t \t\t\t\t\t\t \t\t\t\t<area target=\"_blank\" alt=\"\" title=\"\" href=\"https:\/\/opensearesidence.s1.webfactor.com\/de\/floor\/a-floor-3\/\"  coords=\"0,242,126,178,183,154,652,193,651,275,663,275,663,295,214,274,199,277,130,277,0,315\" shape=\"poly\" name=\"7278\"  >\n\t\t\t \t\t\t\t\t\t \t\t\t\t\t \t\t\t\t\t\t \t\t\t\t<area target=\"_blank\" alt=\"\" title=\"\" href=\"https:\/\/opensearesidence.s1.webfactor.com\/de\/floor\/a-floor-4\/\"  coords=\"0,223,19,214,21,143,182,24,610,84,611,90,594,102,594,125,661,134,661,196,186,152,127,176,0,239\" shape=\"poly\" name=\"7279\"  >\n\t\t\t \t\t\t\t\t\t \t\t\t\t\t \t\t\t\t\t\t \t\t\t\t<area target=\"_blank\" alt=\"\" title=\"\" href=\"https:\/\/opensearesidence.s1.webfactor.com\/de\/floor\/b-floor-0\/\"  coords=\"1410,483,1549,483,1661,482,1722,480,1721,555,1654,561,1468,563,1409,529\" shape=\"poly\" name=\"7280\"  >\n\t\t\t \t\t\t\t\t\t \t\t\t\t\t \t\t\t\t\t\t \t\t\t\t<area target=\"_blank\" alt=\"\" title=\"\" href=\"https:\/\/opensearesidence.s1.webfactor.com\/de\/floor\/b-floor-1\/\"  coords=\"649,395,664,395,663,383,777,383,800,382,1390,372,1721,372,1722,480,1395,485,804,458,649,458\" shape=\"poly\" name=\"7281\"  >\n\t\t\t \t\t\t\t\t\t \t\t\t\t\t \t\t\t\t\t\t \t\t\t\t<area target=\"_blank\" alt=\"\" title=\"\" href=\"https:\/\/opensearesidence.s1.webfactor.com\/de\/floor\/b-floor-2\/\"  coords=\"649,313,777,315,800,313,1369,269,1392,274,1655,277,1721,281,1721,374,1395,372,798,382,776,385,661,383,661,376,649,376\" shape=\"poly\" name=\"7282\"  >\n\t\t\t \t\t\t\t\t\t \t\t\t\t\t \t\t\t\t\t\t \t\t\t\t<area target=\"_blank\" alt=\"\" title=\"\" href=\"https:\/\/opensearesidence.s1.webfactor.com\/de\/floor\/b-floor-3\/\"  coords=\"650,245,779,252,801,248,1365,172,1392,176,1578,176,1661,179,1721,190,1722,280,1395,275,1368,271,801,313,779,315,650,311,649,294,661,294,661,277,650,274\" shape=\"poly\" name=\"7283\"  >\n\t\t\t \t\t\t\t\t\t \t\t\t\t\t \t\t\t\t\t\t \t\t\t\t<area target=\"_blank\" alt=\"\" title=\"\" href=\"https:\/\/opensearesidence.s1.webfactor.com\/de\/floor\/b-floor-4\/\"  coords=\"658,175,760,183,800,176,835,179,1393,70,1646,83,1647,93,1673,100,1672,114,1640,117,1640,137,1660,139,1722,150,1722,189,1661,179,1562,177,1395,177,1360,172,800,248,777,251,650,245,650,194,660,194\" shape=\"poly\" name=\"7284\"  >\n\t\t\t \t\t\t\t\t\t \t\t\t\t\t \t\t\t\t\t\t \t\t\t\t<area target=\"_blank\" alt=\"\" title=\"\" href=\"https:\/\/opensearesidence.s1.webfactor.com\/de\/floor\/b-floor-5\/\"  coords=\"708,143,800,121,827,121,844,115,935,128,934,137,966,153,833,178,800,177,757,183,727,169,708,166\" shape=\"poly\" name=\"7285\"  >\n\t\t\t \t\t\t\t\t\t \t\t\t\t\t\t<\/map>\n\t\t\t<\/div><!-- \/.map-->\n\t\t<\/div>\n\t<\/div><!-- \/.shell -->\n<\/section><!-- \/.floors -->\n\n\n\n<script>\n\t  jQuery(document).ready(function () {\n\n\t    var $k = jQuery.noConflict();\n\n\t    $k('#viz01').mapster({\n\t        mapKey: 'name',\n\t        clickNavigate: true,\n\t        singleSelect: false,\n\t        fillOpacity: 0.8,    \n\t        showToolTip: true,\n\t        fillColor: '84AB35',\n\t      onConfigured: function() {\n\t      \/\/var offset = jQuery('#map1, #map2, #map2, #map3, #map4, #map5').offset().top;\n\t      jQuery('#mapster_wrap_0, #mapster_wrap_1, #mapster_wrap_2, #mapster_wrap_3').next().off('mousemove').on('mousemove', function( e ) {\n\t        var $tooltip = jQuery('.mapster_tooltip');\n\t        if ( $tooltip.length ) {\n\t          $tooltip.css({\n\t            'top': e.pageY - $tooltip.width()\/3,\n\t            'left': e.clientX - $tooltip.width()\/.8\n\t          });\n\t        }\n\t      });\n\t    },\n\t    areas: [ \n\t\t\t\t\t\t\t\t{\n\t\t\t\t\t  key: '7276',\n\t\t\t\t\t  selected: false,\n\t\t\t\t\t  toolTip: '<div class=\"tool\"><div class=\"l\"><div class=\"info\">Etage <strong>1<\/strong><\/div><\/div><div class=\"r\"><div class=\"top\"><span> Geb\u00e4ude <strong>A<\/strong><\/span><\/div><div class=\"bot\"><div><span class=\"sale\"><\/span><span>Zu verkaufen <strong>1<\/strong><\/span><\/div><\/div><\/div><\/div>',\n\t\t\t\t\t  fillOpacity: 0.5,\n\t\t\t\t\t  fillColor: '46C2C5',\n\t\t\t\t\t}, \n\t\t\t\t\t\t\t\t\t{\n\t\t\t\t\t  key: '7277',\n\t\t\t\t\t  selected: false,\n\t\t\t\t\t  toolTip: '<div class=\"tool\"><div class=\"l\"><div class=\"info\">Etage <strong>2<\/strong><\/div><\/div><div class=\"r\"><div class=\"top\"><span> Geb\u00e4ude <strong>A<\/strong><\/span><\/div><div class=\"bot\"><div><span class=\"sale\"><\/span><span>Zu verkaufen <strong>1<\/strong><\/span><\/div><\/div><\/div><\/div>',\n\t\t\t\t\t  fillOpacity: 0.5,\n\t\t\t\t\t  fillColor: '46C2C5',\n\t\t\t\t\t}, \n\t\t\t\t\t\t\t\t\t{\n\t\t\t\t\t  key: '7278',\n\t\t\t\t\t  selected: false,\n\t\t\t\t\t  toolTip: '<div class=\"tool\"><div class=\"l\"><div class=\"info\">Etage <strong>3<\/strong><\/div><\/div><div class=\"r\"><div class=\"top\"><span> Geb\u00e4ude <strong>A<\/strong><\/span><\/div><div class=\"bot\"><div><span class=\"sale\"><\/span><span>Zu verkaufen <strong>1<\/strong><\/span><\/div><\/div><\/div><\/div>',\n\t\t\t\t\t  fillOpacity: 0.5,\n\t\t\t\t\t  fillColor: '46C2C5',\n\t\t\t\t\t}, \n\t\t\t\t\t\t\t\t\t{\n\t\t\t\t\t  key: '7279',\n\t\t\t\t\t  selected: false,\n\t\t\t\t\t  toolTip: '<div class=\"tool\"><div class=\"l\"><div class=\"info\">Etage <strong>4<\/strong><\/div><\/div><div class=\"r\"><div class=\"top\"><span> Geb\u00e4ude <strong>A<\/strong><\/span><\/div><div class=\"bot\"><div><span class=\"sale\"><\/span><span>Zu verkaufen <strong>1<\/strong><\/span><\/div><\/div><\/div><\/div>',\n\t\t\t\t\t  fillOpacity: 0.5,\n\t\t\t\t\t  fillColor: '46C2C5',\n\t\t\t\t\t}, \n\t\t\t\t\t\t\t\t\t{\n\t\t\t\t\t  key: '7280',\n\t\t\t\t\t  selected: false,\n\t\t\t\t\t  toolTip: '<div class=\"tool\"><div class=\"l\"><div class=\"info\">Etage <strong>0<\/strong><\/div><\/div><div class=\"r\"><div class=\"top\"><span> Geb\u00e4ude <strong>B<\/strong><\/span><\/div><div class=\"bot\"><div><span class=\"sale\"><\/span><span>Zu verkaufen <strong>2<\/strong><\/span><\/div><\/div><\/div><\/div>',\n\t\t\t\t\t  fillOpacity: 0.5,\n\t\t\t\t\t  fillColor: '46C2C5',\n\t\t\t\t\t}, \n\t\t\t\t\t\t\t\t\t{\n\t\t\t\t\t  key: '7281',\n\t\t\t\t\t  selected: false,\n\t\t\t\t\t  toolTip: '<div class=\"tool\"><div class=\"l\"><div class=\"info\">Etage <strong>1<\/strong><\/div><\/div><div class=\"r\"><div class=\"top\"><span> Geb\u00e4ude <strong>B<\/strong><\/span><\/div><div class=\"bot\"><div><span class=\"sale\"><\/span><span>Zu verkaufen <strong>3<\/strong><\/span><\/div><div><span class=\"rent\"><\/span><span>Zu vermieten <strong>1<\/strong><\/span><\/div><\/div><\/div><\/div>',\n\t\t\t\t\t  fillOpacity: 0.5,\n\t\t\t\t\t  fillColor: '46C2C5',\n\t\t\t\t\t}, \n\t\t\t\t\t\t\t\t\t{\n\t\t\t\t\t  key: '7282',\n\t\t\t\t\t  selected: false,\n\t\t\t\t\t  toolTip: '<div class=\"tool\"><div class=\"l\"><div class=\"info\">Etage <strong>2<\/strong><\/div><\/div><div class=\"r\"><div class=\"top\"><span> Geb\u00e4ude <strong>B<\/strong><\/span><\/div><div class=\"bot\"><div><span class=\"sale\"><\/span><span>Zu verkaufen <strong>3<\/strong><\/span><\/div><div><span class=\"rent\"><\/span><span>Zu vermieten <strong>1<\/strong><\/span><\/div><\/div><\/div><\/div>',\n\t\t\t\t\t  fillOpacity: 0.5,\n\t\t\t\t\t  fillColor: '46C2C5',\n\t\t\t\t\t}, \n\t\t\t\t\t\t\t\t\t{\n\t\t\t\t\t  key: '7283',\n\t\t\t\t\t  selected: false,\n\t\t\t\t\t  toolTip: '<div class=\"tool\"><div class=\"l\"><div class=\"info\">Etage <strong>3<\/strong><\/div><\/div><div class=\"r\"><div class=\"top\"><span> Geb\u00e4ude <strong>B<\/strong><\/span><\/div><div class=\"bot\"><div><span class=\"sale\"><\/span><span>Zu verkaufen <strong>7<\/strong><\/span><\/div><div><span class=\"rent\"><\/span><span>Zu vermieten <strong>2<\/strong><\/span><\/div><\/div><\/div><\/div>',\n\t\t\t\t\t  fillOpacity: 0.5,\n\t\t\t\t\t  fillColor: '46C2C5',\n\t\t\t\t\t}, \n\t\t\t\t\t\t\t\t\t{\n\t\t\t\t\t  key: '7284',\n\t\t\t\t\t  selected: false,\n\t\t\t\t\t  toolTip: '<div class=\"tool\"><div class=\"l\"><div class=\"info\">Etage <strong>4<\/strong><\/div><\/div><div class=\"r\"><div class=\"top\"><span> Geb\u00e4ude <strong>B<\/strong><\/span><\/div><div class=\"bot\"><div><span class=\"sale\"><\/span><span>Zu verkaufen <strong>3<\/strong><\/span><\/div><\/div><\/div><\/div>',\n\t\t\t\t\t  fillOpacity: 0.5,\n\t\t\t\t\t  fillColor: '46C2C5',\n\t\t\t\t\t}, \n\t\t\t\t\t\t\t\t\t{\n\t\t\t\t\t  key: '7285',\n\t\t\t\t\t  selected: false,\n\t\t\t\t\t  toolTip: '<div class=\"tool\"><div class=\"l\"><div class=\"info\">Etage <strong>5<\/strong><\/div><\/div><div class=\"r\"><div class=\"top\"><span> Geb\u00e4ude <strong>B<\/strong><\/span><\/div><div class=\"bot\"><div><span class=\"sale\"><\/span><span>Zu verkaufen <strong>0<\/strong><\/span><\/div><\/div><\/div><\/div>',\n\t\t\t\t\t  fillOpacity: 0.5,\n\t\t\t\t\t  fillColor: '46C2C5',\n\t\t\t\t\t}, \n\t\t\t\t\t    \t]\n\t    });\n\t});\n\t<\/script> ","protected":false},"excerpt":{"rendered":"","protected":false},"author":4,"featured_media":0,"parent":0,"menu_order":0,"comment_status":"closed","ping_status":"closed","template":"interactive.php","meta":{"footnotes":""},"class_list":["post-8750","page","type-page","status-publish","hentry"],"acf":[],"_links":{"self":[{"href":"https:\/\/opensearesidence.s1.webfactor.com\/de\/wp-json\/wp\/v2\/pages\/8750","targetHints":{"allow":["GET"]}}],"collection":[{"href":"https:\/\/opensearesidence.s1.webfactor.com\/de\/wp-json\/wp\/v2\/pages"}],"about":[{"href":"https:\/\/opensearesidence.s1.webfactor.com\/de\/wp-json\/wp\/v2\/types\/page"}],"author":[{"embeddable":true,"href":"https:\/\/opensearesidence.s1.webfactor.com\/de\/wp-json\/wp\/v2\/users\/4"}],"replies":[{"embeddable":true,"href":"https:\/\/opensearesidence.s1.webfactor.com\/de\/wp-json\/wp\/v2\/comments?post=8750"}],"version-history":[{"count":0,"href":"https:\/\/opensearesidence.s1.webfactor.com\/de\/wp-json\/wp\/v2\/pages\/8750\/revisions"}],"wp:attachment":[{"href":"https:\/\/opensearesidence.s1.webfactor.com\/de\/wp-json\/wp\/v2\/media?parent=8750"}],"curies":[{"name":"wp","href":"https:\/\/api.w.org\/{rel}","templated":true}]}}