{"id":8767,"date":"2022-12-08T10:12:15","date_gmt":"2022-12-08T08:12:15","guid":{"rendered":"https:\/\/opensearesidence.s1.webfactor.com\/special-offers\/"},"modified":"2024-08-19T08:55:14","modified_gmt":"2024-08-19T05:55:14","slug":"sonderangebote","status":"publish","type":"page","link":"https:\/\/opensearesidence.s1.webfactor.com\/de\/sonderangebote\/","title":{"rendered":"Sonderangebote"},"content":{"rendered":"\n<div class=\"breadcrumb\">\n\t<ul>\n\t\t<li>\n\t\t\t<a href=\"https:\/\/opensearesidence.s1.webfactor.com\/\">The Open Sea<\/a>\n\t\t<\/li>\n\n\t\t\n\t\t\n\t\t\n\t\t\t\t\t<li>Sonderangebote<\/li>\n\t\t\t<\/ul>\n<\/div><!-- \/.breadcrumb -->\n\n<section class=\"special_offers_page\">\n\t<div class=\"shell\">\n\t\t<div class=\"top\">\n\t\t\t<h3 class=\"t2\">Sonderangebote<\/h3><!-- \/.t2 -->\n\n\t\t\t<h1 class=\"t3\">Aktionen <em> und <\/em> <br><span> Sonderangebote <\/span><\/h1><!-- \/.t3 -->\n\n\t\t\t<div>\n\t\t\t\t<div class=\"l\">\n\t\t\t\t\t<p>Open Sea Residence konzentriert sich auf die Einzigartigkeit, die angenehme Atmosph\u00e4re und die Privatsph\u00e4re. Der Luxuskomplex liegt am Fu\u00dfe des Schwarzen Meeres, in der ersten Reihe an einem sauberen und abgelegenen Strand im Ferienort Obzor und bietet unbegrenzte M\u00f6glichkeiten f\u00fcr einen angenehmen Urlaub. Suchen Sie einen versteckten und ruhigen Ort, abseits von Hektik, Verpflichtungen und Grau des Alltags? Die saubere Luft mit dem Duft von Pinien, die Meeresbrise und die All-Inclusive-Annehmlichkeiten machen diesen Ort perfekt, um sich zu entspannen und Ihren lang ersehnten Urlaub zu genie\u00dfen.<\/p>\n\t\t\t\t<\/div><!-- \/.l -->\n\n\t\t\t\t<div class=\"r\">\n\t\t\t\t\t<p>Um Ihren Urlaub noch angenehmer zu gestalten, bieten wir Ihnen hier, bei uns in der Open Sea Residence eine ganze Reihe von Aktionen und Sonderangeboten. Es erwarten Sie gro\u00dfe Rabatte beim Mieten oder Kaufen von zwei Wohnungen, Bonus Empfehlung eines Freundes, kostenloses Abonnement f\u00fcr die vollst\u00e4ndige Wartung der Wohnung und viele weitere angenehme \u00dcberraschungen. Verlieren Sie keine Zeit mehr und profitieren Sie von unseren Sonderangeboten. Der Sommer 2024 ist bereits da. Lass den Sommer unvergesslich und voller unz\u00e4hliger positiver Emotionen sein!<\/p>\n\t\t\t\t<\/div><!-- \/.r -->\n\t\t\t<\/div>\n\t\t<\/div><!-- \/.top -->\n\n\t\t<div class=\"middle\">\n\t\t\t<div class=\"l\">\n\t\t\t\t<h2 class=\"t3\">Die Angebote, <span> auf die Sie <\/span> gewartet haben:<\/h2><!-- \/.t3 -->\n\t\t\t<\/div><!-- \/.l -->\n\n\t\t\t<div class=\"r\">\n\t\t\t\t\t\t\t<\/div><!-- \/.r -->\n\t\t<\/div><!-- \/.middle -->\n\t<\/div><!-- \/.shell -->\n\n\t<div class=\"bottom special_offers\">\n\t\t<div class=\"shell\">\n\t\t\t<div class=\"special_offers__grid\">\n\t\t\t\t\t\t\t\t\t\n\t\t\t\t\t<div class=\"offer_item\">\n\t\t\t\t\t\t<a href=\"https:\/\/opensearesidence.s1.webfactor.com\/de\/offers\/kaufen-sie-zwei-wohnungen-und-sie-erhalten-6-rabatt-auf-den-preis\/\">\n\t\t\t\t\t\t\t<img decoding=\"async\" src=\"https:\/\/opensearesidence.s1.webfactor.com\/wp-content\/uploads\/2022\/12\/apartments-the-open-sea_0331-545x404.jpg\" alt=\"\" \/>\n\t\t\t\t\t\t<\/a>\n\n\t\t\t\t\t\t<div>\n\t\t\t\t\t\t\t<h2>\n\t\t\t\t\t\t\t\t<a href=\"https:\/\/opensearesidence.s1.webfactor.com\/de\/offers\/kaufen-sie-zwei-wohnungen-und-sie-erhalten-6-rabatt-auf-den-preis\/\">\n\t\t\t\t\t\t\t\t\tKaufen Sie zwei Wohnungen und Sie erhalten Rabatt auf den Preis \n\t\t\t\t\t\t\t\t<\/a>\n\t\t\t\t\t\t\t<\/h2>\n\n\t\t\t\t\t\t\t<span>\n\t\t\t\t\t\t\t\t Rabatt auf den Preis\t\t\t\t\t\t\t<\/span>\n\n\t\t\t\t\t\t\t<p>\n\t\t\t\t\t\t\t\tF\u00fcr jede zweite gekaufte Wohnung im Komplex Open Sea Residence gew\u00e4hren wir Ihnen zus\u00e4tzlich Rabatt auf den Marktpreis. Profitieren Sie noch heute von unserem Sonderangebot und erhalten Sie eine Wohnung in einem Luxuskomplex zum Schn\u00e4ppchenpreis. \n\t\t\t\t\t\t\t<\/p>\n\n\t\t\t\t\t\t\t<span><\/span>\n\t\t\t\t\t\t<\/div>\n\t\t\t\t\t<\/div><!-- \/.offer_item -->\n\t\t\t\t\t\t\t\t\t\n\t\t\t\t\t<div class=\"offer_item\">\n\t\t\t\t\t\t<a href=\"https:\/\/opensearesidence.s1.webfactor.com\/de\/offers\/bringen-sie-einen-freund-mit-und-sie-erhalten-2-jahre-kostenlose-wohnungsinstandhaltung\/\">\n\t\t\t\t\t\t\t<img decoding=\"async\" src=\"https:\/\/opensearesidence.s1.webfactor.com\/wp-content\/uploads\/2022\/12\/apartments-the-open-sea_0326-545x404.jpg\" alt=\"\" \/>\n\t\t\t\t\t\t<\/a>\n\n\t\t\t\t\t\t<div>\n\t\t\t\t\t\t\t<h2>\n\t\t\t\t\t\t\t\t<a href=\"https:\/\/opensearesidence.s1.webfactor.com\/de\/offers\/bringen-sie-einen-freund-mit-und-sie-erhalten-2-jahre-kostenlose-wohnungsinstandhaltung\/\">\n\t\t\t\t\t\t\t\t\tBringen Sie einen Freund mit und Sie erhalten 2 Jahre kostenlose Wohnungsinstandhaltung \n\t\t\t\t\t\t\t\t<\/a>\n\t\t\t\t\t\t\t<\/h2>\n\n\t\t\t\t\t\t\t<span>\n\t\t\t\t\t\t\t\t<span>2<\/span> Jahre KOSTENLOSE Wohnungsinstandhaltung\t\t\t\t\t\t\t<\/span>\n\n\t\t\t\t\t\t\t<p>\n\t\t\t\t\t\t\t\tDie Bedienung in unserem Komplex gef\u00e4llt Ihnen? Empfehlen Sie uns Ihren Freunden und Bekannten und werden Ihnen dankbar eine zweij\u00e4hrige kostenlose Wartung\/ Instandhaltung Ihrer Wohnung schenken.  \n\t\t\t\t\t\t\t<\/p>\n\n\t\t\t\t\t\t\t<span><\/span>\n\t\t\t\t\t\t<\/div>\n\t\t\t\t\t<\/div><!-- \/.offer_item -->\n\t\t\t\t\t\t\t<\/div><!-- \/.special_offers__slider -->\n\t\t<\/div><!-- \/.shell -->\n\t<\/div><!-- \/.bottom -->\n<\/section><!-- \/.special_offers_page -->\n","protected":false},"excerpt":{"rendered":"","protected":false},"author":4,"featured_media":0,"parent":0,"menu_order":0,"comment_status":"closed","ping_status":"closed","template":"","meta":{"footnotes":""},"class_list":["post-8767","page","type-page","status-publish","hentry"],"acf":[],"_links":{"self":[{"href":"https:\/\/opensearesidence.s1.webfactor.com\/de\/wp-json\/wp\/v2\/pages\/8767","targetHints":{"allow":["GET"]}}],"collection":[{"href":"https:\/\/opensearesidence.s1.webfactor.com\/de\/wp-json\/wp\/v2\/pages"}],"about":[{"href":"https:\/\/opensearesidence.s1.webfactor.com\/de\/wp-json\/wp\/v2\/types\/page"}],"author":[{"embeddable":true,"href":"https:\/\/opensearesidence.s1.webfactor.com\/de\/wp-json\/wp\/v2\/users\/4"}],"replies":[{"embeddable":true,"href":"https:\/\/opensearesidence.s1.webfactor.com\/de\/wp-json\/wp\/v2\/comments?post=8767"}],"version-history":[{"count":0,"href":"https:\/\/opensearesidence.s1.webfactor.com\/de\/wp-json\/wp\/v2\/pages\/8767\/revisions"}],"wp:attachment":[{"href":"https:\/\/opensearesidence.s1.webfactor.com\/de\/wp-json\/wp\/v2\/media?parent=8767"}],"curies":[{"name":"wp","href":"https:\/\/api.w.org\/{rel}","templated":true}]}}